{"id":6957,"date":"2022-01-03T08:18:46","date_gmt":"2022-01-03T08:18:46","guid":{"rendered":"https:\/\/sapa.thembaydev.com\/demo-2\/cart\/"},"modified":"2022-01-03T08:18:46","modified_gmt":"2022-01-03T08:18:46","slug":"cart","status":"publish","type":"page","link":"https:\/\/www.jcstudyo.com.tr\/?page_id=6957","title":{"rendered":"Shopping cart"},"content":{"rendered":"\t\t<div data-elementor-type=\"wp-page\" data-elementor-id=\"6957\" class=\"elementor elementor-6957\">\n\t\t\t\t\t\t<section class=\" elementor-section elementor-top-section elementor-element elementor-element-2aacaa5a alpha-section-stretched elementor-section-boxed elementor-section-height-default elementor-section-height-default\" data-id=\"2aacaa5a\" data-element_type=\"section\" data-e-type=\"section\">\r\n\t\t\t\t\t\t\t\t<div class=\"elementor-container elementor-column-gap-default\">\r\n\t\t\t\t\r\n\t\t\t\t\t\t\t\t<div class=\" elementor-column elementor-col-100 elementor-top-column elementor-element elementor-element-764edead \" data-id=\"764edead\" data-element_type=\"column\" data-e-type=\"column\">\r\n\r\n\t\t\t\t\r\n\t\t\t\t<div class=\"elementor-widget-wrap elementor-element-populated\">\r\n\t\t\t\t\t\t\t\t\t\t\r\n\t\t\t\t\t\t<div class=\"elementor-element elementor-element-5e0c6ca elementor-widget elementor-widget-shortcode\" data-id=\"5e0c6ca\" data-element_type=\"widget\" data-e-type=\"widget\" data-widget_type=\"shortcode.default\">\n\t\t\t\t\t\t\t<div class=\"elementor-shortcode\"><div class=\"woocommerce\"><div class=\"woocommerce-notices-wrapper\"><\/div><div class=\"wc-empty-cart-message\">\n\t<div class=\"cart-empty woocommerce-info\" role=\"status\">\n\t\tSepetiniz \u015fu anda bo\u015f.\t<\/div>\n<\/div>\t<p class=\"return-to-shop\">\n\t\t<a class=\"button wc-backward\" href=\"https:\/\/www.jcstudyo.com.tr\/?page_id=6956\">\n\t\t\tMa\u011fazaya geri d\u00f6n\t\t<\/a>\n\t<\/p>\n<\/div><\/div>\r\n\t\t\t\t\t\t<\/div>\n\t\t\t\t\t\t<\/div>\r\n\t\t\t\t<\/div>\r\n\t\t\t\t\t\t\t\t<\/div>\r\n\t\t\t<\/section>\r\n\t\t\t\t\t<\/div>\n\t\t","protected":false},"excerpt":{"rendered":"Sepetiniz \u015fu anda bo\u015f. Ma\u011fazaya geri d\u00f6n","protected":false},"author":1,"featured_media":0,"parent":0,"menu_order":0,"comment_status":"closed","ping_status":"closed","template":"","meta":{"footnotes":""},"class_list":["post-6957","page","type-page","status-publish","hentry"],"_links":{"self":[{"href":"https:\/\/www.jcstudyo.com.tr\/index.php?rest_route=\/wp\/v2\/pages\/6957","targetHints":{"allow":["GET"]}}],"collection":[{"href":"https:\/\/www.jcstudyo.com.tr\/index.php?rest_route=\/wp\/v2\/pages"}],"about":[{"href":"https:\/\/www.jcstudyo.com.tr\/index.php?rest_route=\/wp\/v2\/types\/page"}],"author":[{"embeddable":true,"href":"https:\/\/www.jcstudyo.com.tr\/index.php?rest_route=\/wp\/v2\/users\/1"}],"replies":[{"embeddable":true,"href":"https:\/\/www.jcstudyo.com.tr\/index.php?rest_route=%2Fwp%2Fv2%2Fcomments&post=6957"}],"version-history":[{"count":0,"href":"https:\/\/www.jcstudyo.com.tr\/index.php?rest_route=\/wp\/v2\/pages\/6957\/revisions"}],"wp:attachment":[{"href":"https:\/\/www.jcstudyo.com.tr\/index.php?rest_route=%2Fwp%2Fv2%2Fmedia&parent=6957"}],"curies":[{"name":"wp","href":"https:\/\/api.w.org\/{rel}","templated":true}]}}